{"id":11912,"date":"2024-12-23T12:29:33","date_gmt":"2024-12-23T10:29:33","guid":{"rendered":"https:\/\/lacasetadelsprats.com\/declaracio-daccessibilitat\/"},"modified":"2025-07-31T09:49:36","modified_gmt":"2025-07-31T07:49:36","slug":"declaracio-daccessibilitat","status":"publish","type":"page","link":"https:\/\/lacasetadelsprats.com\/es\/declaracio-daccessibilitat\/","title":{"rendered":"Declaraci\u00f3n de accesibilidad"},"content":{"rendered":"\t\t<div data-elementor-type=\"wp-page\" data-elementor-id=\"11912\" class=\"elementor elementor-11912 elementor-10710\" data-elementor-post-type=\"page\">\n\t\t\t\t<div class=\"elementor-element elementor-element-48674c8 e-flex e-con-boxed elementor-invisible e-con e-parent\" data-id=\"48674c8\" data-element_type=\"container\" data-settings=\"{&quot;animation&quot;:&quot;fadeIn&quot;}\">\n\t\t\t\t\t<div class=\"e-con-inner\">\n\t\t\t\t<div class=\"elementor-element elementor-element-699d13c elementor-widget elementor-widget-heading\" data-id=\"699d13c\" data-element_type=\"widget\" data-widget_type=\"heading.default\">\n\t\t\t\t<div class=\"elementor-widget-container\">\n\t\t\t\t\t<h2 class=\"elementor-heading-title elementor-size-default\">Declaraci\u00f3 d'accessibilitat<\/h2>\t\t\t\t<\/div>\n\t\t\t\t<\/div>\n\t\t\t\t<div class=\"elementor-element elementor-element-4bdd26d elementor-widget elementor-widget-text-editor\" data-id=\"4bdd26d\" data-element_type=\"widget\" data-widget_type=\"text-editor.default\">\n\t\t\t\t<div class=\"elementor-widget-container\">\n\t\t\t\t\t\t\t\t\t<p><strong>LA CASETA DELS PRATS <\/strong>\u00a0aposta per assegurar l\u2019accessibilitat digital de les persones amb discapacitat. Estem millorant cont\u00ednuament l\u2019experi\u00e8ncia d\u2019usuari per a tothom i mirant d\u2019aplicar els est\u00e0ndards d\u2019accessibilitat m\u00e9s rellevants. Aquest comprom\u00eds tamb\u00e9 el fem d\u2019acord amb el\u00a0<a href=\"https:\/\/www.boe.es\/buscar\/act.php?id=BOE-A-2018-12699\" target=\"_blank\" rel=\"noopener\">Reial decret 1112\/2018<\/a>, de 7 de setembre, relatiu a l\u2019accessibilitat de llocs web i aplicacions per a dispositius m\u00f2bils.<\/p><div class=\"elementor-element elementor-element-1d783b0b elementor-widget elementor-widget-text-editor\" data-id=\"1d783b0b\" data-element_type=\"widget\" data-widget_type=\"text-editor.default\"><div class=\"elementor-widget-container\"><p><strong>Estat d\u2019acompliment<\/strong><br \/>Les\u00a0<a href=\"https:\/\/www.w3.org\/WAI\/standards-guidelines\/wcag\/\" target=\"_blank\" rel=\"noopener\">Directrius d\u2019accessibilitat al contingut web (WCAG) 2.1<\/a>\u00a0defineixen els requisits per als dissenyadors i desenvolupadors per millorar l\u2019accessibilitat de les persones amb discapacitat. Aquestes directrius defineixen tres nivells de conformitat: Nivell A, Nivell AA i Nivell AAA. El web \u00e9s parcialment conforme amb el nivell AA de WCAG 2.1. Aix\u00f2 significa que algunes parts del contingut no s\u2019ajusten completament a l\u2019est\u00e0ndard d\u2019accessibilitat.<\/p><p><strong>Funcions d\u2019accessibilitat<\/strong><\/p><ul><li>Les p\u00e0gines estan estructurades amb elements sem\u00e0ntics com la cap\u00e7alera (header), la navegaci\u00f3 (navigation), el contingut principal (main) i el peu de p\u00e0gina (footer), la qual cosa us pot ajudar a moure-us m\u00e9s r\u00e0pidament entre els diversos elements.<\/li><li>Els encap\u00e7alaments de nivell 1 marquen l\u2019\u00e0rea de contingut principal de cada p\u00e0gina i a partir d\u2019aqu\u00ed l\u2019estructura de cada p\u00e0gina hauria de seguir un ordre d\u2019encap\u00e7alaments l\u00f2gic.<\/li><li>Cada p\u00e0gina d\u2019aquest lloc web t\u00e9 enlla\u00e7os de \u201csaltar al contingut\u201d i \u201csaltar al men\u00fa\u201d a la part superior i un enlla\u00e7 de \u201ctornar a comen\u00e7ar\u201d a la part inferior.<\/li><li>Les imatges es descriuen amb equivalents de text (ALT) per garantir que tothom pugui accedir al contingut gr\u00e0fic.<\/li><li>Heu de poder ampliar cada p\u00e0gina fins a un 300% sense cap problema.<\/li><li>Els colors d\u2019aquest lloc web s\u2019han escollit a cada p\u00e0gina per garantir un contrast de color suficient.<\/li><li>Tots els components d\u2019aquest lloc web s\u00f3n accessibles mitjan\u00e7ant el ratol\u00ed, el teclat o el tacte.<\/li><li>Per garantir que el lloc web es pot utilitzar mitjan\u00e7ant teclats, hem afegit estils de focus a imatges, enlla\u00e7os, formularis i altres elements enfocables.<\/li><li>Aquest lloc web s\u2019ha testejat en navegadors i dispositius moderns i antics, a m\u00e9s d\u2019eines d\u2019avaluaci\u00f3 d\u2019accessibilitat com ara\u00a0<a href=\"https:\/\/wave.webaim.org\/\" target=\"_blank\" rel=\"noopener\">WAVE<\/a>,\u00a0<a href=\"https:\/\/accessibilityinsights.io\/en\/\" target=\"_blank\" rel=\"noopener\">Accessibility Insights<\/a>\u00a0i el lector de pantalla\u00a0<a href=\"https:\/\/www.chromevox.com\/\" target=\"_blank\" rel=\"noopener\">ChromeVox<\/a>.<\/li><\/ul><p><strong><br \/>Contingut no accessible<\/strong><br \/>Sabem que algunes parts d\u2019aquest lloc web no s\u00f3n del tot accessibles:<\/p><p>De vegades, incrustem suports d\u2019\u00e0udio o v\u00eddeo a les nostres p\u00e0gines que potser no es descriuen adequadament.<br \/>Si trobeu suports o elements confusos, podeu enviar-nos un correu electr\u00f2nic i fer-nos-ho saber.<\/p><p>Tamb\u00e9 sabem que la majoria de documents PDF antics no s\u00f3n totalment accessibles al programari de lector de pantalla.<\/p><p><strong>Feedback<\/strong><br \/>Agra\u00efm els vostres comentaris sobre l\u2019accessibilitat de la nostra web. Informeu-nos si trobeu barreres d\u2019accessibilitat en aquest lloc web:<\/p><p>E-mail: <a href=\"mailto:info@lacasetadelsprats.com\">info@lacasetadelsprats.com<\/a><br \/>Aquesta declaraci\u00f3 es va crear el 19 de gener de 2025.<\/p><\/div><\/div>\t\t\t\t\t\t\t\t<\/div>\n\t\t\t\t<\/div>\n\t\t\t\t\t<\/div>\n\t\t\t\t<\/div>\n\t\t\t\t<\/div>\n\t\t","protected":false},"excerpt":{"rendered":"<p>Declaraci\u00f3 d&#8217;accessibilitat LA CASETA DELS PRATS \u00a0aposta per assegurar l\u2019accessibilitat digital de les persones amb discapacitat. Estem millorant cont\u00ednuament l\u2019experi\u00e8ncia&#8230; <span class=\"knsl-el-more\"><a href=\"https:\/\/lacasetadelsprats.com\/es\/declaracio-daccessibilitat\/\" class=\"knsl-btn\">Read more<span class=\"screen-reader-text\">Read more&nbsp;Declaraci\u00f3n de accesibilidad<\/span><\/a><\/span><\/p>\n","protected":false},"author":1,"featured_media":0,"parent":0,"menu_order":0,"comment_status":"closed","ping_status":"closed","template":"template-layout-builder.php","meta":{"_acf_changed":false,"footnotes":""},"class_list":["post-11912","page","type-page","status-publish","hentry"],"acf":[],"yoast_head":"<!-- This site is optimized with the Yoast SEO plugin v24.5 - https:\/\/yoast.com\/wordpress\/plugins\/seo\/ -->\n<title>Declaraci\u00f3n de accesibilidad | La Caseta dels Prats<\/title>\n<meta name=\"description\" content=\"P\u00e1gina de la declaraci\u00f3n de accessibilidad del sitio web de la Caseta dels Prats.\" \/>\n<meta name=\"robots\" content=\"index, follow, max-snippet:-1, max-image-preview:large, max-video-preview:-1\" \/>\n<link rel=\"canonical\" href=\"https:\/\/lacasetadelsprats.com\/es\/declaracio-daccessibilitat\/\" \/>\n<meta property=\"og:locale\" content=\"es_ES\" \/>\n<meta property=\"og:type\" content=\"article\" \/>\n<meta property=\"og:title\" content=\"Declaraci\u00f3n de accesibilidad | La Caseta dels Prats\" \/>\n<meta property=\"og:description\" content=\"P\u00e1gina de la declaraci\u00f3n de accessibilidad del sitio web de la Caseta dels Prats.\" \/>\n<meta property=\"og:url\" content=\"https:\/\/lacasetadelsprats.com\/es\/declaracio-daccessibilitat\/\" \/>\n<meta property=\"og:site_name\" content=\"La Caseta dels Prats\" \/>\n<meta property=\"article:modified_time\" content=\"2025-07-31T07:49:36+00:00\" \/>\n<meta property=\"og:image\" content=\"https:\/\/lacasetadelsprats.com\/wp-content\/uploads\/2024\/11\/logo.png\" \/>\n\t<meta property=\"og:image:width\" content=\"400\" \/>\n\t<meta property=\"og:image:height\" content=\"61\" \/>\n\t<meta property=\"og:image:type\" content=\"image\/png\" \/>\n<meta name=\"twitter:card\" content=\"summary_large_image\" \/>\n<meta name=\"twitter:label1\" content=\"Tiempo de lectura\" \/>\n\t<meta name=\"twitter:data1\" content=\"3 minutos\" \/>\n<script type=\"application\/ld+json\" class=\"yoast-schema-graph\">{\"@context\":\"https:\/\/schema.org\",\"@graph\":[{\"@type\":\"WebPage\",\"@id\":\"https:\/\/lacasetadelsprats.com\/es\/declaracio-daccessibilitat\/\",\"url\":\"https:\/\/lacasetadelsprats.com\/es\/declaracio-daccessibilitat\/\",\"name\":\"Declaraci\u00f3n de accesibilidad | La Caseta dels Prats\",\"isPartOf\":{\"@id\":\"https:\/\/lacasetadelsprats.com\/es\/#website\"},\"datePublished\":\"2024-12-23T10:29:33+00:00\",\"dateModified\":\"2025-07-31T07:49:36+00:00\",\"description\":\"P\u00e1gina de la declaraci\u00f3n de accessibilidad del sitio web de la Caseta dels Prats.\",\"breadcrumb\":{\"@id\":\"https:\/\/lacasetadelsprats.com\/es\/declaracio-daccessibilitat\/#breadcrumb\"},\"inLanguage\":\"es\",\"potentialAction\":[{\"@type\":\"ReadAction\",\"target\":[\"https:\/\/lacasetadelsprats.com\/es\/declaracio-daccessibilitat\/\"]}]},{\"@type\":\"BreadcrumbList\",\"@id\":\"https:\/\/lacasetadelsprats.com\/es\/declaracio-daccessibilitat\/#breadcrumb\",\"itemListElement\":[{\"@type\":\"ListItem\",\"position\":1,\"name\":\"Inici\",\"item\":\"https:\/\/lacasetadelsprats.com\/es\/\"},{\"@type\":\"ListItem\",\"position\":2,\"name\":\"Declaraci\u00f3n de accesibilidad\"}]},{\"@type\":\"WebSite\",\"@id\":\"https:\/\/lacasetadelsprats.com\/es\/#website\",\"url\":\"https:\/\/lacasetadelsprats.com\/es\/\",\"name\":\"La Caseta dels Prats\",\"description\":\"Casa rural a Capolat, Bergued\u00e0\",\"publisher\":{\"@id\":\"https:\/\/lacasetadelsprats.com\/es\/#organization\"},\"alternateName\":\"La Caseta dels Prats\",\"potentialAction\":[{\"@type\":\"SearchAction\",\"target\":{\"@type\":\"EntryPoint\",\"urlTemplate\":\"https:\/\/lacasetadelsprats.com\/es\/?s={search_term_string}\"},\"query-input\":{\"@type\":\"PropertyValueSpecification\",\"valueRequired\":true,\"valueName\":\"search_term_string\"}}],\"inLanguage\":\"es\"},{\"@type\":\"Organization\",\"@id\":\"https:\/\/lacasetadelsprats.com\/es\/#organization\",\"name\":\"La Caseta dels Prats\",\"alternateName\":\"La Caseta dels Prats\",\"url\":\"https:\/\/lacasetadelsprats.com\/es\/\",\"logo\":{\"@type\":\"ImageObject\",\"inLanguage\":\"es\",\"@id\":\"https:\/\/lacasetadelsprats.com\/es\/#\/schema\/logo\/image\/\",\"url\":\"https:\/\/lacasetadelsprats.com\/wp-content\/uploads\/2024\/11\/logo.png\",\"contentUrl\":\"https:\/\/lacasetadelsprats.com\/wp-content\/uploads\/2024\/11\/logo.png\",\"width\":400,\"height\":61,\"caption\":\"La Caseta dels Prats\"},\"image\":{\"@id\":\"https:\/\/lacasetadelsprats.com\/es\/#\/schema\/logo\/image\/\"}}]}<\/script>\n<!-- \/ Yoast SEO plugin. -->","yoast_head_json":{"title":"Declaraci\u00f3n de accesibilidad | La Caseta dels Prats","description":"P\u00e1gina de la declaraci\u00f3n de accessibilidad del sitio web de la Caseta dels Prats.","robots":{"index":"index","follow":"follow","max-snippet":"max-snippet:-1","max-image-preview":"max-image-preview:large","max-video-preview":"max-video-preview:-1"},"canonical":"https:\/\/lacasetadelsprats.com\/es\/declaracio-daccessibilitat\/","og_locale":"es_ES","og_type":"article","og_title":"Declaraci\u00f3n de accesibilidad | La Caseta dels Prats","og_description":"P\u00e1gina de la declaraci\u00f3n de accessibilidad del sitio web de la Caseta dels Prats.","og_url":"https:\/\/lacasetadelsprats.com\/es\/declaracio-daccessibilitat\/","og_site_name":"La Caseta dels Prats","article_modified_time":"2025-07-31T07:49:36+00:00","og_image":[{"width":400,"height":61,"url":"https:\/\/lacasetadelsprats.com\/wp-content\/uploads\/2024\/11\/logo.png","type":"image\/png"}],"twitter_card":"summary_large_image","twitter_misc":{"Tiempo de lectura":"3 minutos"},"schema":{"@context":"https:\/\/schema.org","@graph":[{"@type":"WebPage","@id":"https:\/\/lacasetadelsprats.com\/es\/declaracio-daccessibilitat\/","url":"https:\/\/lacasetadelsprats.com\/es\/declaracio-daccessibilitat\/","name":"Declaraci\u00f3n de accesibilidad | La Caseta dels Prats","isPartOf":{"@id":"https:\/\/lacasetadelsprats.com\/es\/#website"},"datePublished":"2024-12-23T10:29:33+00:00","dateModified":"2025-07-31T07:49:36+00:00","description":"P\u00e1gina de la declaraci\u00f3n de accessibilidad del sitio web de la Caseta dels Prats.","breadcrumb":{"@id":"https:\/\/lacasetadelsprats.com\/es\/declaracio-daccessibilitat\/#breadcrumb"},"inLanguage":"es","potentialAction":[{"@type":"ReadAction","target":["https:\/\/lacasetadelsprats.com\/es\/declaracio-daccessibilitat\/"]}]},{"@type":"BreadcrumbList","@id":"https:\/\/lacasetadelsprats.com\/es\/declaracio-daccessibilitat\/#breadcrumb","itemListElement":[{"@type":"ListItem","position":1,"name":"Inici","item":"https:\/\/lacasetadelsprats.com\/es\/"},{"@type":"ListItem","position":2,"name":"Declaraci\u00f3n de accesibilidad"}]},{"@type":"WebSite","@id":"https:\/\/lacasetadelsprats.com\/es\/#website","url":"https:\/\/lacasetadelsprats.com\/es\/","name":"La Caseta dels Prats","description":"Casa rural a Capolat, Bergued\u00e0","publisher":{"@id":"https:\/\/lacasetadelsprats.com\/es\/#organization"},"alternateName":"La Caseta dels Prats","potentialAction":[{"@type":"SearchAction","target":{"@type":"EntryPoint","urlTemplate":"https:\/\/lacasetadelsprats.com\/es\/?s={search_term_string}"},"query-input":{"@type":"PropertyValueSpecification","valueRequired":true,"valueName":"search_term_string"}}],"inLanguage":"es"},{"@type":"Organization","@id":"https:\/\/lacasetadelsprats.com\/es\/#organization","name":"La Caseta dels Prats","alternateName":"La Caseta dels Prats","url":"https:\/\/lacasetadelsprats.com\/es\/","logo":{"@type":"ImageObject","inLanguage":"es","@id":"https:\/\/lacasetadelsprats.com\/es\/#\/schema\/logo\/image\/","url":"https:\/\/lacasetadelsprats.com\/wp-content\/uploads\/2024\/11\/logo.png","contentUrl":"https:\/\/lacasetadelsprats.com\/wp-content\/uploads\/2024\/11\/logo.png","width":400,"height":61,"caption":"La Caseta dels Prats"},"image":{"@id":"https:\/\/lacasetadelsprats.com\/es\/#\/schema\/logo\/image\/"}}]}},"_links":{"self":[{"href":"https:\/\/lacasetadelsprats.com\/es\/wp-json\/wp\/v2\/pages\/11912","targetHints":{"allow":["GET"]}}],"collection":[{"href":"https:\/\/lacasetadelsprats.com\/es\/wp-json\/wp\/v2\/pages"}],"about":[{"href":"https:\/\/lacasetadelsprats.com\/es\/wp-json\/wp\/v2\/types\/page"}],"author":[{"embeddable":true,"href":"https:\/\/lacasetadelsprats.com\/es\/wp-json\/wp\/v2\/users\/1"}],"replies":[{"embeddable":true,"href":"https:\/\/lacasetadelsprats.com\/es\/wp-json\/wp\/v2\/comments?post=11912"}],"version-history":[{"count":2,"href":"https:\/\/lacasetadelsprats.com\/es\/wp-json\/wp\/v2\/pages\/11912\/revisions"}],"predecessor-version":[{"id":12601,"href":"https:\/\/lacasetadelsprats.com\/es\/wp-json\/wp\/v2\/pages\/11912\/revisions\/12601"}],"wp:attachment":[{"href":"https:\/\/lacasetadelsprats.com\/es\/wp-json\/wp\/v2\/media?parent=11912"}],"curies":[{"name":"wp","href":"https:\/\/api.w.org\/{rel}","templated":true}]}}