{"id":11907,"date":"2024-12-12T11:59:04","date_gmt":"2024-12-12T09:59:04","guid":{"rendered":"https:\/\/lacasetadelsprats.com\/proteccio-dades\/"},"modified":"2025-07-31T09:47:45","modified_gmt":"2025-07-31T07:47:45","slug":"proteccio-dades","status":"publish","type":"page","link":"https:\/\/lacasetadelsprats.com\/es\/proteccio-dades\/","title":{"rendered":"\u00a0Protecci\u00f3n de datos"},"content":{"rendered":"\t\t<div data-elementor-type=\"wp-page\" data-elementor-id=\"11907\" class=\"elementor elementor-11907 elementor-10439\" data-elementor-post-type=\"page\">\n\t\t\t\t<div class=\"elementor-element elementor-element-dc4ec4c e-flex e-con-boxed elementor-invisible e-con e-parent\" data-id=\"dc4ec4c\" data-element_type=\"container\" data-settings=\"{&quot;animation&quot;:&quot;fadeIn&quot;}\">\n\t\t\t\t\t<div class=\"e-con-inner\">\n\t\t\t\t<div class=\"elementor-element elementor-element-8aff1fc elementor-widget elementor-widget-heading\" data-id=\"8aff1fc\" data-element_type=\"widget\" data-widget_type=\"heading.default\">\n\t\t\t\t<div class=\"elementor-widget-container\">\n\t\t\t\t\t<h2 class=\"elementor-heading-title elementor-size-default\">Protecci\u00f3n de datos<\/h2>\t\t\t\t<\/div>\n\t\t\t\t<\/div>\n\t\t\t\t<div class=\"elementor-element elementor-element-73d5e24 elementor-widget elementor-widget-text-editor\" data-id=\"73d5e24\" data-element_type=\"widget\" data-widget_type=\"text-editor.default\">\n\t\t\t\t<div class=\"elementor-widget-container\">\n\t\t\t\t\t\t\t\t\t<p>En cumplimiento a la\u00a0\u00a0<strong>Ley org\u00e1nica 15\/1999, del 13 de diciembre, de protecci\u00f3n de datos de car\u00e1cter personal<\/strong>, le informamos que tras cumplimentar el formulario de reserva sus datos personales quedar\u00e1n incorporados en ficheros de titularidad de La Caseta dels Prats, y ser\u00e1n tratados con la finalidad de realizar la gesti\u00f3n de sus consultas o pedidos o para contestar a cualquier otro tipo de informaci\u00f3n que usted haya solicitado.<\/p><p>Usted puede ejercer en cualquier momento los derechos de acceso, ratificaci\u00f3n, cancelaci\u00f3n y oposici\u00f3n de sus datos de car\u00e1cter personal mediante un correo electr\u00f3nico a\u00a0\u00a0<a href=\"mailto:info@lacasetadelsprats.com\">info@lacasetadelsprats.com<\/a>\u00a0o mediante un\u00a0comunicado escrito\u00a0a:<\/p><p><strong>Casa la Mezquita<\/strong><br \/>Capolat 08619 (Barcelona)<\/p>\t\t\t\t\t\t\t\t<\/div>\n\t\t\t\t<\/div>\n\t\t\t\t\t<\/div>\n\t\t\t\t<\/div>\n\t\t\t\t<\/div>\n\t\t","protected":false},"excerpt":{"rendered":"<p>Protecci\u00f3n de datos En cumplimiento a la\u00a0\u00a0Ley org\u00e1nica 15\/1999, del 13 de diciembre, de protecci\u00f3n de datos de car\u00e1cter personal,&#8230; <span class=\"knsl-el-more\"><a href=\"https:\/\/lacasetadelsprats.com\/es\/proteccio-dades\/\" class=\"knsl-btn\">Read more<span class=\"screen-reader-text\">Read more&nbsp;\u00a0Protecci\u00f3n de datos<\/span><\/a><\/span><\/p>\n","protected":false},"author":1,"featured_media":0,"parent":0,"menu_order":0,"comment_status":"closed","ping_status":"closed","template":"template-layout-builder.php","meta":{"_acf_changed":false,"footnotes":""},"class_list":["post-11907","page","type-page","status-publish","hentry"],"acf":[],"yoast_head":"<!-- This site is optimized with the Yoast SEO plugin v24.5 - https:\/\/yoast.com\/wordpress\/plugins\/seo\/ -->\n<title>\u00a0Protecci\u00f3n de datos | La Caseta dels Prats<\/title>\n<meta name=\"description\" content=\"P\u00e1gina de protecci\u00f3n de datos del sitio web de la Caseta dels Prats.\" \/>\n<meta name=\"robots\" content=\"index, follow, max-snippet:-1, max-image-preview:large, max-video-preview:-1\" \/>\n<link rel=\"canonical\" href=\"https:\/\/lacasetadelsprats.com\/es\/proteccio-dades\/\" \/>\n<meta property=\"og:locale\" content=\"es_ES\" \/>\n<meta property=\"og:type\" content=\"article\" \/>\n<meta property=\"og:title\" content=\"\u00a0Protecci\u00f3n de datos | La Caseta dels Prats\" \/>\n<meta property=\"og:description\" content=\"P\u00e1gina de protecci\u00f3n de datos del sitio web de la Caseta dels Prats.\" \/>\n<meta property=\"og:url\" content=\"https:\/\/lacasetadelsprats.com\/es\/proteccio-dades\/\" \/>\n<meta property=\"og:site_name\" content=\"La Caseta dels Prats\" \/>\n<meta property=\"article:modified_time\" content=\"2025-07-31T07:47:45+00:00\" \/>\n<meta property=\"og:image\" content=\"https:\/\/lacasetadelsprats.com\/wp-content\/uploads\/2024\/11\/logo.png\" \/>\n\t<meta property=\"og:image:width\" content=\"400\" \/>\n\t<meta property=\"og:image:height\" content=\"61\" \/>\n\t<meta property=\"og:image:type\" content=\"image\/png\" \/>\n<meta name=\"twitter:card\" content=\"summary_large_image\" \/>\n<meta name=\"twitter:label1\" content=\"Tiempo de lectura\" \/>\n\t<meta name=\"twitter:data1\" content=\"1 minuto\" \/>\n<script type=\"application\/ld+json\" class=\"yoast-schema-graph\">{\"@context\":\"https:\/\/schema.org\",\"@graph\":[{\"@type\":\"WebPage\",\"@id\":\"https:\/\/lacasetadelsprats.com\/es\/proteccio-dades\/\",\"url\":\"https:\/\/lacasetadelsprats.com\/es\/proteccio-dades\/\",\"name\":\"\u00a0Protecci\u00f3n de datos | La Caseta dels Prats\",\"isPartOf\":{\"@id\":\"https:\/\/lacasetadelsprats.com\/es\/#website\"},\"datePublished\":\"2024-12-12T09:59:04+00:00\",\"dateModified\":\"2025-07-31T07:47:45+00:00\",\"description\":\"P\u00e1gina de protecci\u00f3n de datos del sitio web de la Caseta dels Prats.\",\"breadcrumb\":{\"@id\":\"https:\/\/lacasetadelsprats.com\/es\/proteccio-dades\/#breadcrumb\"},\"inLanguage\":\"es\",\"potentialAction\":[{\"@type\":\"ReadAction\",\"target\":[\"https:\/\/lacasetadelsprats.com\/es\/proteccio-dades\/\"]}]},{\"@type\":\"BreadcrumbList\",\"@id\":\"https:\/\/lacasetadelsprats.com\/es\/proteccio-dades\/#breadcrumb\",\"itemListElement\":[{\"@type\":\"ListItem\",\"position\":1,\"name\":\"Inici\",\"item\":\"https:\/\/lacasetadelsprats.com\/es\/\"},{\"@type\":\"ListItem\",\"position\":2,\"name\":\"\u00a0Protecci\u00f3n de datos\"}]},{\"@type\":\"WebSite\",\"@id\":\"https:\/\/lacasetadelsprats.com\/es\/#website\",\"url\":\"https:\/\/lacasetadelsprats.com\/es\/\",\"name\":\"La Caseta dels Prats\",\"description\":\"Casa rural a Capolat, Bergued\u00e0\",\"publisher\":{\"@id\":\"https:\/\/lacasetadelsprats.com\/es\/#organization\"},\"alternateName\":\"La Caseta dels Prats\",\"potentialAction\":[{\"@type\":\"SearchAction\",\"target\":{\"@type\":\"EntryPoint\",\"urlTemplate\":\"https:\/\/lacasetadelsprats.com\/es\/?s={search_term_string}\"},\"query-input\":{\"@type\":\"PropertyValueSpecification\",\"valueRequired\":true,\"valueName\":\"search_term_string\"}}],\"inLanguage\":\"es\"},{\"@type\":\"Organization\",\"@id\":\"https:\/\/lacasetadelsprats.com\/es\/#organization\",\"name\":\"La Caseta dels Prats\",\"alternateName\":\"La Caseta dels Prats\",\"url\":\"https:\/\/lacasetadelsprats.com\/es\/\",\"logo\":{\"@type\":\"ImageObject\",\"inLanguage\":\"es\",\"@id\":\"https:\/\/lacasetadelsprats.com\/es\/#\/schema\/logo\/image\/\",\"url\":\"https:\/\/lacasetadelsprats.com\/wp-content\/uploads\/2024\/11\/logo.png\",\"contentUrl\":\"https:\/\/lacasetadelsprats.com\/wp-content\/uploads\/2024\/11\/logo.png\",\"width\":400,\"height\":61,\"caption\":\"La Caseta dels Prats\"},\"image\":{\"@id\":\"https:\/\/lacasetadelsprats.com\/es\/#\/schema\/logo\/image\/\"}}]}<\/script>\n<!-- \/ Yoast SEO plugin. -->","yoast_head_json":{"title":"\u00a0Protecci\u00f3n de datos | La Caseta dels Prats","description":"P\u00e1gina de protecci\u00f3n de datos del sitio web de la Caseta dels Prats.","robots":{"index":"index","follow":"follow","max-snippet":"max-snippet:-1","max-image-preview":"max-image-preview:large","max-video-preview":"max-video-preview:-1"},"canonical":"https:\/\/lacasetadelsprats.com\/es\/proteccio-dades\/","og_locale":"es_ES","og_type":"article","og_title":"\u00a0Protecci\u00f3n de datos | La Caseta dels Prats","og_description":"P\u00e1gina de protecci\u00f3n de datos del sitio web de la Caseta dels Prats.","og_url":"https:\/\/lacasetadelsprats.com\/es\/proteccio-dades\/","og_site_name":"La Caseta dels Prats","article_modified_time":"2025-07-31T07:47:45+00:00","og_image":[{"width":400,"height":61,"url":"https:\/\/lacasetadelsprats.com\/wp-content\/uploads\/2024\/11\/logo.png","type":"image\/png"}],"twitter_card":"summary_large_image","twitter_misc":{"Tiempo de lectura":"1 minuto"},"schema":{"@context":"https:\/\/schema.org","@graph":[{"@type":"WebPage","@id":"https:\/\/lacasetadelsprats.com\/es\/proteccio-dades\/","url":"https:\/\/lacasetadelsprats.com\/es\/proteccio-dades\/","name":"\u00a0Protecci\u00f3n de datos | La Caseta dels Prats","isPartOf":{"@id":"https:\/\/lacasetadelsprats.com\/es\/#website"},"datePublished":"2024-12-12T09:59:04+00:00","dateModified":"2025-07-31T07:47:45+00:00","description":"P\u00e1gina de protecci\u00f3n de datos del sitio web de la Caseta dels Prats.","breadcrumb":{"@id":"https:\/\/lacasetadelsprats.com\/es\/proteccio-dades\/#breadcrumb"},"inLanguage":"es","potentialAction":[{"@type":"ReadAction","target":["https:\/\/lacasetadelsprats.com\/es\/proteccio-dades\/"]}]},{"@type":"BreadcrumbList","@id":"https:\/\/lacasetadelsprats.com\/es\/proteccio-dades\/#breadcrumb","itemListElement":[{"@type":"ListItem","position":1,"name":"Inici","item":"https:\/\/lacasetadelsprats.com\/es\/"},{"@type":"ListItem","position":2,"name":"\u00a0Protecci\u00f3n de datos"}]},{"@type":"WebSite","@id":"https:\/\/lacasetadelsprats.com\/es\/#website","url":"https:\/\/lacasetadelsprats.com\/es\/","name":"La Caseta dels Prats","description":"Casa rural a Capolat, Bergued\u00e0","publisher":{"@id":"https:\/\/lacasetadelsprats.com\/es\/#organization"},"alternateName":"La Caseta dels Prats","potentialAction":[{"@type":"SearchAction","target":{"@type":"EntryPoint","urlTemplate":"https:\/\/lacasetadelsprats.com\/es\/?s={search_term_string}"},"query-input":{"@type":"PropertyValueSpecification","valueRequired":true,"valueName":"search_term_string"}}],"inLanguage":"es"},{"@type":"Organization","@id":"https:\/\/lacasetadelsprats.com\/es\/#organization","name":"La Caseta dels Prats","alternateName":"La Caseta dels Prats","url":"https:\/\/lacasetadelsprats.com\/es\/","logo":{"@type":"ImageObject","inLanguage":"es","@id":"https:\/\/lacasetadelsprats.com\/es\/#\/schema\/logo\/image\/","url":"https:\/\/lacasetadelsprats.com\/wp-content\/uploads\/2024\/11\/logo.png","contentUrl":"https:\/\/lacasetadelsprats.com\/wp-content\/uploads\/2024\/11\/logo.png","width":400,"height":61,"caption":"La Caseta dels Prats"},"image":{"@id":"https:\/\/lacasetadelsprats.com\/es\/#\/schema\/logo\/image\/"}}]}},"_links":{"self":[{"href":"https:\/\/lacasetadelsprats.com\/es\/wp-json\/wp\/v2\/pages\/11907","targetHints":{"allow":["GET"]}}],"collection":[{"href":"https:\/\/lacasetadelsprats.com\/es\/wp-json\/wp\/v2\/pages"}],"about":[{"href":"https:\/\/lacasetadelsprats.com\/es\/wp-json\/wp\/v2\/types\/page"}],"author":[{"embeddable":true,"href":"https:\/\/lacasetadelsprats.com\/es\/wp-json\/wp\/v2\/users\/1"}],"replies":[{"embeddable":true,"href":"https:\/\/lacasetadelsprats.com\/es\/wp-json\/wp\/v2\/comments?post=11907"}],"version-history":[{"count":6,"href":"https:\/\/lacasetadelsprats.com\/es\/wp-json\/wp\/v2\/pages\/11907\/revisions"}],"predecessor-version":[{"id":12738,"href":"https:\/\/lacasetadelsprats.com\/es\/wp-json\/wp\/v2\/pages\/11907\/revisions\/12738"}],"wp:attachment":[{"href":"https:\/\/lacasetadelsprats.com\/es\/wp-json\/wp\/v2\/media?parent=11907"}],"curies":[{"name":"wp","href":"https:\/\/api.w.org\/{rel}","templated":true}]}}