{"id":11905,"date":"2024-12-12T11:59:29","date_gmt":"2024-12-12T09:59:29","guid":{"rendered":"https:\/\/lacasetadelsprats.com\/politica-de-cookies\/"},"modified":"2025-07-31T09:47:13","modified_gmt":"2025-07-31T07:47:13","slug":"politica-de-cookies","status":"publish","type":"page","link":"https:\/\/lacasetadelsprats.com\/es\/politica-de-cookies\/","title":{"rendered":"\u00a0Pol\u00edtica de cookies\u00a0"},"content":{"rendered":"\t\t<div data-elementor-type=\"wp-page\" data-elementor-id=\"11905\" class=\"elementor elementor-11905 elementor-10441\" data-elementor-post-type=\"page\">\n\t\t\t\t<div class=\"elementor-element elementor-element-0d2b2b9 e-flex e-con-boxed elementor-invisible e-con e-parent\" data-id=\"0d2b2b9\" data-element_type=\"container\" data-settings=\"{&quot;animation&quot;:&quot;fadeIn&quot;}\">\n\t\t\t\t\t<div class=\"e-con-inner\">\n\t\t\t\t<div class=\"elementor-element elementor-element-05f09aa elementor-widget elementor-widget-heading\" data-id=\"05f09aa\" data-element_type=\"widget\" data-widget_type=\"heading.default\">\n\t\t\t\t<div class=\"elementor-widget-container\">\n\t\t\t\t\t<h2 class=\"elementor-heading-title elementor-size-default\">Pol\u00edtica de cookies<\/h2>\t\t\t\t<\/div>\n\t\t\t\t<\/div>\n\t\t\t\t<div class=\"elementor-element elementor-element-21ed625 elementor-widget elementor-widget-text-editor\" data-id=\"21ed625\" data-element_type=\"widget\" data-widget_type=\"text-editor.default\">\n\t\t\t\t<div class=\"elementor-widget-container\">\n\t\t\t\t\t\t\t\t\t<p>Una Cookie \u00e9s un fitxer que es descarrega en el seu ordinador en accedir a determinades p\u00e0gines web. Les cookies permeten a una p\u00e0gina web, entre altres coses, emmagatzemar i recuperar informaci\u00f3 sobre els h\u00e0bits de navegaci\u00f3 d\u2019un usuari o del seu equip i, depenent de la informaci\u00f3 que contingui i de la forma en qu\u00e8 utilitzi el seu equip, poden utilitzar-se per a recon\u00e8ixer a l\u2019usuari.<\/p><p>Les cookies s\u00f3n essencials per al funcionament d\u2019internet, aportant innombrables avantatges en la prestaci\u00f3 de serveis interactius, facilitant-li la navegaci\u00f3 i usabilitat de la nostra web.<\/p><p>La informaci\u00f3 que li proporcionem a continuaci\u00f3, l\u2019ajudar\u00e0 a comprendre els diferents tipus de cookies:<\/p><ol><li><strong>SEGONS L\u2019ENTITAT QUE LES GESTIONI<\/strong><ul><li>Cookies pr\u00f2pies: S\u00f3n aquelles que es recapten pel mateix editor per prestar el servei sol\u00b7licitat per l\u2019usuari.<\/li><li>Cookies de tercers: S\u00f3n aquelles que s\u00f3n recollides i gestionades per un tercer, aquestes no es poden considerar pr\u00f2pies.<\/li><\/ul><\/li><li><strong>SEGONS EL TERMINI DE TEMPS QUE ROMANGUIN ACTIVADES<\/strong><ul><li>Cookies de sessi\u00f3: Recullen dades mentre l\u2019usuari navega per la xarxa amb la finalitat de prestar el servei sol\u00b7licitat.<\/li><li>Cookies persistents: S\u2019emmagatzemen en el terminal i la informaci\u00f3 obtinguda, ser\u00e0 utilitzada pel responsable de la galeta amb la finalitat de prestar el servei sol\u00b7licitat.<\/li><\/ul><\/li><li><strong>SEGONS LA FINALITAT<\/strong><ul><li>Cookies t\u00e8cniques: S\u00f3n les necess\u00e0ries per a la correcta navegaci\u00f3 per la web.<\/li><li>Cookies de personalitzaci\u00f3: Permeten a l\u2019usuari les caracter\u00edstiques (idioma) per a la navegaci\u00f3 per la web.<\/li><li>Cookies d\u2019an\u00e0lisi: Permeten a l\u2019prestador l\u2019an\u00e0lisi vinculat a la navegaci\u00f3 realitzada per l\u2019usuari, amb la finalitat de dur un seguiment d\u2019\u00fas de la p\u00e0gina web, aix\u00ed com realitzar estad\u00edstiques dels continguts m\u00e9s visitats, nombre de visitants, etc.<\/li><li>Cookies publicit\u00e0ries: Permeten a l\u2019editor incloure a la web, espais publicitaris, segons el contingut de la pr\u00f2pia web.<\/li><li>Cookies de publicitat comportamental: Permeten a l\u2019editor incloure en la p\u00e0gina web espais publicitaris segons la informaci\u00f3 obtinguda a trav\u00e9s dels h\u00e0bits de navegaci\u00f3 a l\u2019usuari.<\/li><\/ul><\/li><\/ol><p>Segons el que es disposa en l\u2019article 22.2 de la Llei 34\/2002, d\u201911 de juliol, de Serveis de la Societat de la Informaci\u00f3 i de Comer\u00e7 Electr\u00f2nic (LSSI-CE), LA CASETA DELS PRATS\u00a0 informa de les cookies utilitzades en el seu website:<\/p>\t\t\t\t\t\t\t\t<\/div>\n\t\t\t\t<\/div>\n\t\t\t\t<div class=\"elementor-element elementor-element-7078c48 elementor-widget elementor-widget-text-editor\" data-id=\"7078c48\" data-element_type=\"widget\" data-widget_type=\"text-editor.default\">\n\t\t\t\t<div class=\"elementor-widget-container\">\n\t\t\t\t\t\t\t\t\t<table><tbody><tr><td tabindex=\"0\" title=\"WP_SESSION_COOKIE\" aria-haspopup=\"true\">WP_SESSION_COOKIE<\/td><td tabindex=\"0\" title=\"2025-01-19T09:32:03.111Z\" aria-haspopup=\"true\">2025-01-19T09:32:03.111Z<\/td><\/tr><tr><td tabindex=\"0\" title=\"bid_1_password_protected_auth\" aria-haspopup=\"true\">bid_1_password_protected_auth<\/td><td tabindex=\"0\" title=\"Sessi\u00f3\" aria-haspopup=\"true\">Sessi\u00f3<\/td><\/tr><tr><td tabindex=\"0\" title=\"sbjs_current\" aria-haspopup=\"true\">sbjs_current<\/td><td tabindex=\"0\" title=\"Sessi\u00f3\" aria-haspopup=\"true\">Sessi\u00f3<\/td><\/tr><tr><td tabindex=\"0\" title=\"sbjs_current_add\" aria-haspopup=\"true\">sbjs_current_add<\/td><td tabindex=\"0\" title=\"Sessi\u00f3\" aria-haspopup=\"true\">Sessi\u00f3<\/td><\/tr><tr><td tabindex=\"0\" title=\"sbjs_first\" aria-haspopup=\"true\">sbjs_first<\/td><td tabindex=\"0\" title=\"Sessi\u00f3\" aria-haspopup=\"true\">Sessi\u00f3<\/td><\/tr><tr><td tabindex=\"0\" title=\"sbjs_first_add\" aria-haspopup=\"true\">sbjs_first_add<\/td><td tabindex=\"0\" title=\"Sessi\u00f3\" aria-haspopup=\"true\">Sessi\u00f3<\/td><\/tr><tr><td tabindex=\"0\" title=\"sbjs_migrations\" aria-haspopup=\"true\">sbjs_migrations<\/td><td tabindex=\"0\" title=\"Sessi\u00f3\" aria-haspopup=\"true\">Sessi\u00f3<\/td><\/tr><tr><td tabindex=\"0\" title=\"sbjs_udata\" aria-haspopup=\"true\">sbjs_udata<\/td><td tabindex=\"0\" title=\"Sessi\u00f3\" aria-haspopup=\"true\">Sessi\u00f3<\/td><\/tr><tr><td tabindex=\"0\" title=\"wordpress_logged_in_673a043351e3c5ac708f664a3f246697\" aria-haspopup=\"true\">wordpress_logged_in_673a043351e3c5ac708f664a3f246697<\/td><td tabindex=\"0\" title=\"Sessi\u00f3\" aria-haspopup=\"true\">Sessi\u00f3<\/td><\/tr><tr><td tabindex=\"0\" title=\"wordpress_sec_673a043351e3c5ac708f664a3f246697\" aria-haspopup=\"true\">wordpress_sec_673a043351e3c5ac708f664a3f246697<\/td><td tabindex=\"0\" title=\"Sessi\u00f3\" aria-haspopup=\"true\">Sessi\u00f3<\/td><\/tr><tr><td tabindex=\"0\" title=\"wordpress_test_cookie\" aria-haspopup=\"true\">wordpress_test_cookie<\/td><td tabindex=\"0\" title=\"Sessi\u00f3\" aria-haspopup=\"true\">Sessi\u00f3<\/td><\/tr><tr><td tabindex=\"0\" title=\"wp-settings-1\" aria-haspopup=\"true\">wp-settings-1<\/td><td tabindex=\"0\" title=\"2026-01-19T09:12:53.000Z\" aria-haspopup=\"true\">2026-01-19T09:12:53.000Z<\/td><\/tr><tr><td tabindex=\"0\" title=\"wp-settings-time-1\" aria-haspopup=\"true\">wp-settings-time-1<\/td><td tabindex=\"0\" title=\"2026-01-19T09:12:53.000Z\" aria-haspopup=\"true\">2026-01-19T09:12:53.000Z<\/td><\/tr><tr><td tabindex=\"0\" title=\"wp-wpml_current_admin_language_d41d8cd98f00b204e9800998ecf8427e\" aria-haspopup=\"true\">wp-wpml_current_admin_language_d41d8cd98f00b204e9800998ecf8427e<\/td><td tabindex=\"0\" title=\"2025-01-20T08:40:11.266Z\" aria-haspopup=\"true\">2025-01-20T08:40:11.266Z<\/td><\/tr><tr><td tabindex=\"0\" title=\"wp-wpml_current_language\" aria-haspopup=\"true\">wp-wpml_current_language<\/td><td tabindex=\"0\" title=\"Sessi\u00f3\" aria-haspopup=\"true\">Sessi\u00f3<\/td><\/tr><tr><td tabindex=\"0\" title=\"wp_lang\" aria-haspopup=\"true\">wp_la<\/td><\/tr><\/tbody><\/table>\t\t\t\t\t\t\t\t<\/div>\n\t\t\t\t<\/div>\n\t\t\t\t<div class=\"elementor-element elementor-element-ded5a64 elementor-widget elementor-widget-text-editor\" data-id=\"ded5a64\" data-element_type=\"widget\" data-widget_type=\"text-editor.default\">\n\t\t\t\t<div class=\"elementor-widget-container\">\n\t\t\t\t\t\t\t\t\t<ul><li><strong>Google Analytics:<\/strong>\u00a0Emmagatzema cookies per a poder elaborar estad\u00edstiques sobre el tr\u00e0nsit i volum de visites d\u2019aquesta web. En utilitzar aquest lloc web est\u00e0 consentint el tractament d\u2019informaci\u00f3 sobre vost\u00e8 per Google. Per tant, l\u2019exercici de qualsevol dret en aquest sentit haur\u00e0 de fer-lo comunicant directament amb Google.<br \/>Les cookies de Google Analytics, s\u2019emmagatzemen en servidors situats als Estats Units i es compromet a no compartir-la amb tercers, excepte en els casos en els quals sigui necessari per al funcionament del sistema o quan la llei obligui a aquest efecte. Segons Google no guarda la seva adre\u00e7a IP.<br \/>Google Inc. \u00e9s una companyia adherida a \u201cPrivacy Shield\u201d (escut de privacitat) que garanteix que totes les dades transferides seran tractats amb un nivell de protecci\u00f3 concorde a la normativa europea. Pot consultar informaci\u00f3 detallada referent a aix\u00f2 a trav\u00e9s del seg\u00fcent enlla\u00e7:\u00a0<a href=\"https:\/\/support.google.com\/analytics\/answer\/6004245\" target=\"_blank\" rel=\"nofollow noopener noreferrer\">https:\/\/support.google.com\/analytics\/answer\/6004245<\/a><br \/>Si ho desitja pot utilitzar el Complement d\u2019inhabilitaci\u00f3 per a navegadors de Google Analytics a trav\u00e9s de les instruccions dels quals poden rebutjar-se les cookies anal\u00edtiques d\u2019aquest servei en tots els navegadors. Pot consultar m\u00e9s informaci\u00f3 sobre aquest tema en el seg\u00fcent enlla\u00e7:\u00a0<a href=\"https:\/\/tools.google.com\/dlpage\/gaoptout\" target=\"_blank\" rel=\"nofollow noopener noreferrer\">https:\/\/tools.google.com\/dlpage\/gaoptout<\/a><\/li><\/ul><p>Aix\u00ed mateix, ARITMETIC DIGITAL MARKETING SL informa l\u2019usuari que t\u00e9 la possibilitat de configurar el seu navegador de manera que se l\u2019informi de la recepci\u00f3 de cookies, podent, si aix\u00ed ho desitja, impedir que siguin instal\u00b7lades en el seu disc dur.<\/p><p>A continuaci\u00f3 li proporcionem els enlla\u00e7os de diversos navegadors, a trav\u00e9s dels quals podr\u00e0 realitzar aquesta configuraci\u00f3:<\/p><ul><li>Firefox:\u00a0<a href=\"https:\/\/support.mozilla.org\/es\/kb\/habilitar-y-deshabilitar-cookies-sitios-web-rastrear-preferencias?redirectlocale=es&amp;redirectslug=habilitar-y-deshabilitar-cookies-que-los-sitios-we\" target=\"_blank\" rel=\"nofollow noopener noreferrer\">https:\/\/support.mozilla.org\/es\/kb\/habilitar-y-deshabilitar-cookies-sitios-web-rastrear-preferencias?redirectlocale=es&amp;redirectslug=habilitar-y-deshabilitar-cookies-que-los-sitios-we<\/a><\/li><li>Chrome:\u00a0<a href=\"https:\/\/support.google.com\/chrome\/answer\/95647?hl=es\" target=\"_blank\" rel=\"nofollow noopener noreferrer\">https:\/\/support.google.com\/chrome\/answer\/95647?hl=es<\/a><\/li><li>Explorer:\u00a0<a href=\"https:\/\/support.microsoft.com\/es-es\/help\/17442\/windows-internet-explorer-delete-manage-cookies#ie=ie-10\" target=\"_blank\" rel=\"nofollow noopener noreferrer\">https:\/\/support.microsoft.com\/es-es\/help\/17442\/windows-internet-explorer-delete-manage-cookies#ie=ie-10<\/a><\/li><li>Safari:\u00a0<a href=\"https:\/\/support.apple.com\/es-es\/guide\/safari\/sfri11471\/mac\" target=\"_blank\" rel=\"nofollow noopener noreferrer\">https:\/\/support.apple.com\/es-es\/guide\/safari\/sfri11471\/mac<\/a><\/li><li>Opera:\u00a0<a href=\"https:\/\/help.opera.com\/en\/latest\/web-preferences\/#cookies\" target=\"_blank\" rel=\"nofollow noopener noreferrer\">https:\/\/help.opera.com\/en\/latest\/web-preferences\/#cookies<\/a><\/li><\/ul>\t\t\t\t\t\t\t\t<\/div>\n\t\t\t\t<\/div>\n\t\t\t\t\t<\/div>\n\t\t\t\t<\/div>\n\t\t\t\t<\/div>\n\t\t","protected":false},"excerpt":{"rendered":"<p>Pol\u00edtica de cookies Una Cookie \u00e9s un fitxer que es descarrega en el seu ordinador en accedir a determinades p\u00e0gines&#8230; <span class=\"knsl-el-more\"><a href=\"https:\/\/lacasetadelsprats.com\/es\/politica-de-cookies\/\" class=\"knsl-btn\">Read more<span class=\"screen-reader-text\">Read more&nbsp;\u00a0Pol\u00edtica de cookies\u00a0<\/span><\/a><\/span><\/p>\n","protected":false},"author":1,"featured_media":0,"parent":0,"menu_order":0,"comment_status":"closed","ping_status":"closed","template":"template-layout-builder.php","meta":{"_acf_changed":false,"footnotes":""},"class_list":["post-11905","page","type-page","status-publish","hentry"],"acf":[],"yoast_head":"<!-- This site is optimized with the Yoast SEO plugin v24.5 - https:\/\/yoast.com\/wordpress\/plugins\/seo\/ -->\n<title>Pol\u00edtica de Cookies | La Caseta dels Prats<\/title>\n<meta name=\"description\" content=\"P\u00e1gina de la pol\u00edtica de cookies del sitio web de la Caseta dels Prats.\" \/>\n<meta name=\"robots\" content=\"index, follow, max-snippet:-1, max-image-preview:large, max-video-preview:-1\" \/>\n<link rel=\"canonical\" href=\"https:\/\/lacasetadelsprats.com\/es\/politica-de-cookies\/\" \/>\n<meta property=\"og:locale\" content=\"es_ES\" \/>\n<meta property=\"og:type\" content=\"article\" \/>\n<meta property=\"og:title\" content=\"Pol\u00edtica de Cookies | La Caseta dels Prats\" \/>\n<meta property=\"og:description\" content=\"P\u00e1gina de la pol\u00edtica de cookies del sitio web de la Caseta dels Prats.\" \/>\n<meta property=\"og:url\" content=\"https:\/\/lacasetadelsprats.com\/es\/politica-de-cookies\/\" \/>\n<meta property=\"og:site_name\" content=\"La Caseta dels Prats\" \/>\n<meta property=\"article:modified_time\" content=\"2025-07-31T07:47:13+00:00\" \/>\n<meta property=\"og:image\" content=\"https:\/\/lacasetadelsprats.com\/wp-content\/uploads\/2024\/11\/logo.png\" \/>\n\t<meta property=\"og:image:width\" content=\"400\" \/>\n\t<meta property=\"og:image:height\" content=\"61\" \/>\n\t<meta property=\"og:image:type\" content=\"image\/png\" \/>\n<meta name=\"twitter:card\" content=\"summary_large_image\" \/>\n<meta name=\"twitter:label1\" content=\"Tiempo de lectura\" \/>\n\t<meta name=\"twitter:data1\" content=\"4 minutos\" \/>\n<script type=\"application\/ld+json\" class=\"yoast-schema-graph\">{\"@context\":\"https:\/\/schema.org\",\"@graph\":[{\"@type\":\"WebPage\",\"@id\":\"https:\/\/lacasetadelsprats.com\/es\/politica-de-cookies\/\",\"url\":\"https:\/\/lacasetadelsprats.com\/es\/politica-de-cookies\/\",\"name\":\"Pol\u00edtica de Cookies | La Caseta dels Prats\",\"isPartOf\":{\"@id\":\"https:\/\/lacasetadelsprats.com\/es\/#website\"},\"datePublished\":\"2024-12-12T09:59:29+00:00\",\"dateModified\":\"2025-07-31T07:47:13+00:00\",\"description\":\"P\u00e1gina de la pol\u00edtica de cookies del sitio web de la Caseta dels Prats.\",\"breadcrumb\":{\"@id\":\"https:\/\/lacasetadelsprats.com\/es\/politica-de-cookies\/#breadcrumb\"},\"inLanguage\":\"es\",\"potentialAction\":[{\"@type\":\"ReadAction\",\"target\":[\"https:\/\/lacasetadelsprats.com\/es\/politica-de-cookies\/\"]}]},{\"@type\":\"BreadcrumbList\",\"@id\":\"https:\/\/lacasetadelsprats.com\/es\/politica-de-cookies\/#breadcrumb\",\"itemListElement\":[{\"@type\":\"ListItem\",\"position\":1,\"name\":\"Inici\",\"item\":\"https:\/\/lacasetadelsprats.com\/es\/\"},{\"@type\":\"ListItem\",\"position\":2,\"name\":\"\u00a0Pol\u00edtica de cookies\u00a0\"}]},{\"@type\":\"WebSite\",\"@id\":\"https:\/\/lacasetadelsprats.com\/es\/#website\",\"url\":\"https:\/\/lacasetadelsprats.com\/es\/\",\"name\":\"La Caseta dels Prats\",\"description\":\"Casa rural a Capolat, Bergued\u00e0\",\"publisher\":{\"@id\":\"https:\/\/lacasetadelsprats.com\/es\/#organization\"},\"alternateName\":\"La Caseta dels Prats\",\"potentialAction\":[{\"@type\":\"SearchAction\",\"target\":{\"@type\":\"EntryPoint\",\"urlTemplate\":\"https:\/\/lacasetadelsprats.com\/es\/?s={search_term_string}\"},\"query-input\":{\"@type\":\"PropertyValueSpecification\",\"valueRequired\":true,\"valueName\":\"search_term_string\"}}],\"inLanguage\":\"es\"},{\"@type\":\"Organization\",\"@id\":\"https:\/\/lacasetadelsprats.com\/es\/#organization\",\"name\":\"La Caseta dels Prats\",\"alternateName\":\"La Caseta dels Prats\",\"url\":\"https:\/\/lacasetadelsprats.com\/es\/\",\"logo\":{\"@type\":\"ImageObject\",\"inLanguage\":\"es\",\"@id\":\"https:\/\/lacasetadelsprats.com\/es\/#\/schema\/logo\/image\/\",\"url\":\"https:\/\/lacasetadelsprats.com\/wp-content\/uploads\/2024\/11\/logo.png\",\"contentUrl\":\"https:\/\/lacasetadelsprats.com\/wp-content\/uploads\/2024\/11\/logo.png\",\"width\":400,\"height\":61,\"caption\":\"La Caseta dels Prats\"},\"image\":{\"@id\":\"https:\/\/lacasetadelsprats.com\/es\/#\/schema\/logo\/image\/\"}}]}<\/script>\n<!-- \/ Yoast SEO plugin. -->","yoast_head_json":{"title":"Pol\u00edtica de Cookies | La Caseta dels Prats","description":"P\u00e1gina de la pol\u00edtica de cookies del sitio web de la Caseta dels Prats.","robots":{"index":"index","follow":"follow","max-snippet":"max-snippet:-1","max-image-preview":"max-image-preview:large","max-video-preview":"max-video-preview:-1"},"canonical":"https:\/\/lacasetadelsprats.com\/es\/politica-de-cookies\/","og_locale":"es_ES","og_type":"article","og_title":"Pol\u00edtica de Cookies | La Caseta dels Prats","og_description":"P\u00e1gina de la pol\u00edtica de cookies del sitio web de la Caseta dels Prats.","og_url":"https:\/\/lacasetadelsprats.com\/es\/politica-de-cookies\/","og_site_name":"La Caseta dels Prats","article_modified_time":"2025-07-31T07:47:13+00:00","og_image":[{"width":400,"height":61,"url":"https:\/\/lacasetadelsprats.com\/wp-content\/uploads\/2024\/11\/logo.png","type":"image\/png"}],"twitter_card":"summary_large_image","twitter_misc":{"Tiempo de lectura":"4 minutos"},"schema":{"@context":"https:\/\/schema.org","@graph":[{"@type":"WebPage","@id":"https:\/\/lacasetadelsprats.com\/es\/politica-de-cookies\/","url":"https:\/\/lacasetadelsprats.com\/es\/politica-de-cookies\/","name":"Pol\u00edtica de Cookies | La Caseta dels Prats","isPartOf":{"@id":"https:\/\/lacasetadelsprats.com\/es\/#website"},"datePublished":"2024-12-12T09:59:29+00:00","dateModified":"2025-07-31T07:47:13+00:00","description":"P\u00e1gina de la pol\u00edtica de cookies del sitio web de la Caseta dels Prats.","breadcrumb":{"@id":"https:\/\/lacasetadelsprats.com\/es\/politica-de-cookies\/#breadcrumb"},"inLanguage":"es","potentialAction":[{"@type":"ReadAction","target":["https:\/\/lacasetadelsprats.com\/es\/politica-de-cookies\/"]}]},{"@type":"BreadcrumbList","@id":"https:\/\/lacasetadelsprats.com\/es\/politica-de-cookies\/#breadcrumb","itemListElement":[{"@type":"ListItem","position":1,"name":"Inici","item":"https:\/\/lacasetadelsprats.com\/es\/"},{"@type":"ListItem","position":2,"name":"\u00a0Pol\u00edtica de cookies\u00a0"}]},{"@type":"WebSite","@id":"https:\/\/lacasetadelsprats.com\/es\/#website","url":"https:\/\/lacasetadelsprats.com\/es\/","name":"La Caseta dels Prats","description":"Casa rural a Capolat, Bergued\u00e0","publisher":{"@id":"https:\/\/lacasetadelsprats.com\/es\/#organization"},"alternateName":"La Caseta dels Prats","potentialAction":[{"@type":"SearchAction","target":{"@type":"EntryPoint","urlTemplate":"https:\/\/lacasetadelsprats.com\/es\/?s={search_term_string}"},"query-input":{"@type":"PropertyValueSpecification","valueRequired":true,"valueName":"search_term_string"}}],"inLanguage":"es"},{"@type":"Organization","@id":"https:\/\/lacasetadelsprats.com\/es\/#organization","name":"La Caseta dels Prats","alternateName":"La Caseta dels Prats","url":"https:\/\/lacasetadelsprats.com\/es\/","logo":{"@type":"ImageObject","inLanguage":"es","@id":"https:\/\/lacasetadelsprats.com\/es\/#\/schema\/logo\/image\/","url":"https:\/\/lacasetadelsprats.com\/wp-content\/uploads\/2024\/11\/logo.png","contentUrl":"https:\/\/lacasetadelsprats.com\/wp-content\/uploads\/2024\/11\/logo.png","width":400,"height":61,"caption":"La Caseta dels Prats"},"image":{"@id":"https:\/\/lacasetadelsprats.com\/es\/#\/schema\/logo\/image\/"}}]}},"_links":{"self":[{"href":"https:\/\/lacasetadelsprats.com\/es\/wp-json\/wp\/v2\/pages\/11905","targetHints":{"allow":["GET"]}}],"collection":[{"href":"https:\/\/lacasetadelsprats.com\/es\/wp-json\/wp\/v2\/pages"}],"about":[{"href":"https:\/\/lacasetadelsprats.com\/es\/wp-json\/wp\/v2\/types\/page"}],"author":[{"embeddable":true,"href":"https:\/\/lacasetadelsprats.com\/es\/wp-json\/wp\/v2\/users\/1"}],"replies":[{"embeddable":true,"href":"https:\/\/lacasetadelsprats.com\/es\/wp-json\/wp\/v2\/comments?post=11905"}],"version-history":[{"count":2,"href":"https:\/\/lacasetadelsprats.com\/es\/wp-json\/wp\/v2\/pages\/11905\/revisions"}],"predecessor-version":[{"id":12598,"href":"https:\/\/lacasetadelsprats.com\/es\/wp-json\/wp\/v2\/pages\/11905\/revisions\/12598"}],"wp:attachment":[{"href":"https:\/\/lacasetadelsprats.com\/es\/wp-json\/wp\/v2\/media?parent=11905"}],"curies":[{"name":"wp","href":"https:\/\/api.w.org\/{rel}","templated":true}]}}