{"id":11903,"date":"2024-12-12T11:59:46","date_gmt":"2024-12-12T09:59:46","guid":{"rendered":"https:\/\/lacasetadelsprats.com\/avis-legal\/"},"modified":"2025-07-31T09:46:15","modified_gmt":"2025-07-31T07:46:15","slug":"avis-legal","status":"publish","type":"page","link":"https:\/\/lacasetadelsprats.com\/es\/avis-legal\/","title":{"rendered":"\u00a0Aviso legal"},"content":{"rendered":"\t\t<div data-elementor-type=\"wp-page\" data-elementor-id=\"11903\" class=\"elementor elementor-11903 elementor-10443\" data-elementor-post-type=\"page\">\n\t\t\t\t<div class=\"elementor-element elementor-element-ec08592 e-flex e-con-boxed elementor-invisible e-con e-parent\" data-id=\"ec08592\" data-element_type=\"container\" data-settings=\"{&quot;animation&quot;:&quot;fadeIn&quot;}\">\n\t\t\t\t\t<div class=\"e-con-inner\">\n\t\t\t\t<div class=\"elementor-element elementor-element-ab13184 elementor-widget elementor-widget-heading\" data-id=\"ab13184\" data-element_type=\"widget\" data-widget_type=\"heading.default\">\n\t\t\t\t<div class=\"elementor-widget-container\">\n\t\t\t\t\t<h2 class=\"elementor-heading-title elementor-size-default\">Aviso legal<\/h2>\t\t\t\t<\/div>\n\t\t\t\t<\/div>\n\t\t\t\t<div class=\"elementor-element elementor-element-a87f17d elementor-widget elementor-widget-text-editor\" data-id=\"a87f17d\" data-element_type=\"widget\" data-widget_type=\"text-editor.default\">\n\t\t\t\t<div class=\"elementor-widget-container\">\n\t\t\t\t\t\t\t\t\t<p>En cumplimiento de la Llei 34\/2002, del 11 de julio de Servicios de la Sociedad de la Informaci\u00f3n y Comercio Electr\u00f3nico, se indican los datos de informaci\u00f3n general de la web La Caseta dels Prats:<br \/><strong>Titular:<\/strong> Rosa Gonfaus Casades\u00fas<br \/><strong>NIF:<\/strong> 39320652J<br \/><strong>Direcci\u00f3n:<\/strong> Casa la Mezquita<br \/>Capolat 08619 (Barcelona)<br \/>Tel\u00e9fonos: 616 679 415 \/ 679 413 744<br \/><strong>Email:<\/strong> info@lacasetadelsprats.com<\/p>\t\t\t\t\t\t\t\t<\/div>\n\t\t\t\t<\/div>\n\t\t\t\t\t<\/div>\n\t\t\t\t<\/div>\n\t\t\t\t<\/div>\n\t\t","protected":false},"excerpt":{"rendered":"<p>Aviso legal En cumplimiento de la Llei 34\/2002, del 11 de julio de Servicios de la Sociedad de la Informaci\u00f3n&#8230; <span class=\"knsl-el-more\"><a href=\"https:\/\/lacasetadelsprats.com\/es\/avis-legal\/\" class=\"knsl-btn\">Read more<span class=\"screen-reader-text\">Read more&nbsp;\u00a0Aviso legal<\/span><\/a><\/span><\/p>\n","protected":false},"author":1,"featured_media":0,"parent":0,"menu_order":0,"comment_status":"closed","ping_status":"closed","template":"template-layout-builder.php","meta":{"_acf_changed":false,"footnotes":""},"class_list":["post-11903","page","type-page","status-publish","hentry"],"acf":[],"yoast_head":"<!-- This site is optimized with the Yoast SEO plugin v24.5 - https:\/\/yoast.com\/wordpress\/plugins\/seo\/ -->\n<title>\u00a0Aviso legal | La Caseta dels Prats<\/title>\n<meta name=\"description\" content=\"P\u00e1gina de av\u00edso legal del sitio web de la Caseta dels Prats.\" \/>\n<meta name=\"robots\" content=\"index, follow, max-snippet:-1, max-image-preview:large, max-video-preview:-1\" \/>\n<link rel=\"canonical\" href=\"https:\/\/lacasetadelsprats.com\/es\/avis-legal\/\" \/>\n<meta property=\"og:locale\" content=\"es_ES\" \/>\n<meta property=\"og:type\" content=\"article\" \/>\n<meta property=\"og:title\" content=\"\u00a0Aviso legal | La Caseta dels Prats\" \/>\n<meta property=\"og:description\" content=\"P\u00e1gina de av\u00edso legal del sitio web de la Caseta dels Prats.\" \/>\n<meta property=\"og:url\" content=\"https:\/\/lacasetadelsprats.com\/es\/avis-legal\/\" \/>\n<meta property=\"og:site_name\" content=\"La Caseta dels Prats\" \/>\n<meta property=\"article:modified_time\" content=\"2025-07-31T07:46:15+00:00\" \/>\n<meta property=\"og:image\" content=\"https:\/\/lacasetadelsprats.com\/wp-content\/uploads\/2024\/11\/logo.png\" \/>\n\t<meta property=\"og:image:width\" content=\"400\" \/>\n\t<meta property=\"og:image:height\" content=\"61\" \/>\n\t<meta property=\"og:image:type\" content=\"image\/png\" \/>\n<meta name=\"twitter:card\" content=\"summary_large_image\" \/>\n<meta name=\"twitter:label1\" content=\"Tiempo de lectura\" \/>\n\t<meta name=\"twitter:data1\" content=\"1 minuto\" \/>\n<script type=\"application\/ld+json\" class=\"yoast-schema-graph\">{\"@context\":\"https:\/\/schema.org\",\"@graph\":[{\"@type\":\"WebPage\",\"@id\":\"https:\/\/lacasetadelsprats.com\/es\/avis-legal\/\",\"url\":\"https:\/\/lacasetadelsprats.com\/es\/avis-legal\/\",\"name\":\"\u00a0Aviso legal | La Caseta dels Prats\",\"isPartOf\":{\"@id\":\"https:\/\/lacasetadelsprats.com\/es\/#website\"},\"datePublished\":\"2024-12-12T09:59:46+00:00\",\"dateModified\":\"2025-07-31T07:46:15+00:00\",\"description\":\"P\u00e1gina de av\u00edso legal del sitio web de la Caseta dels Prats.\",\"breadcrumb\":{\"@id\":\"https:\/\/lacasetadelsprats.com\/es\/avis-legal\/#breadcrumb\"},\"inLanguage\":\"es\",\"potentialAction\":[{\"@type\":\"ReadAction\",\"target\":[\"https:\/\/lacasetadelsprats.com\/es\/avis-legal\/\"]}]},{\"@type\":\"BreadcrumbList\",\"@id\":\"https:\/\/lacasetadelsprats.com\/es\/avis-legal\/#breadcrumb\",\"itemListElement\":[{\"@type\":\"ListItem\",\"position\":1,\"name\":\"Inici\",\"item\":\"https:\/\/lacasetadelsprats.com\/es\/\"},{\"@type\":\"ListItem\",\"position\":2,\"name\":\"\u00a0Aviso legal\"}]},{\"@type\":\"WebSite\",\"@id\":\"https:\/\/lacasetadelsprats.com\/es\/#website\",\"url\":\"https:\/\/lacasetadelsprats.com\/es\/\",\"name\":\"La Caseta dels Prats\",\"description\":\"Casa rural a Capolat, Bergued\u00e0\",\"publisher\":{\"@id\":\"https:\/\/lacasetadelsprats.com\/es\/#organization\"},\"alternateName\":\"La Caseta dels Prats\",\"potentialAction\":[{\"@type\":\"SearchAction\",\"target\":{\"@type\":\"EntryPoint\",\"urlTemplate\":\"https:\/\/lacasetadelsprats.com\/es\/?s={search_term_string}\"},\"query-input\":{\"@type\":\"PropertyValueSpecification\",\"valueRequired\":true,\"valueName\":\"search_term_string\"}}],\"inLanguage\":\"es\"},{\"@type\":\"Organization\",\"@id\":\"https:\/\/lacasetadelsprats.com\/es\/#organization\",\"name\":\"La Caseta dels Prats\",\"alternateName\":\"La Caseta dels Prats\",\"url\":\"https:\/\/lacasetadelsprats.com\/es\/\",\"logo\":{\"@type\":\"ImageObject\",\"inLanguage\":\"es\",\"@id\":\"https:\/\/lacasetadelsprats.com\/es\/#\/schema\/logo\/image\/\",\"url\":\"https:\/\/lacasetadelsprats.com\/wp-content\/uploads\/2024\/11\/logo.png\",\"contentUrl\":\"https:\/\/lacasetadelsprats.com\/wp-content\/uploads\/2024\/11\/logo.png\",\"width\":400,\"height\":61,\"caption\":\"La Caseta dels Prats\"},\"image\":{\"@id\":\"https:\/\/lacasetadelsprats.com\/es\/#\/schema\/logo\/image\/\"}}]}<\/script>\n<!-- \/ Yoast SEO plugin. -->","yoast_head_json":{"title":"\u00a0Aviso legal | La Caseta dels Prats","description":"P\u00e1gina de av\u00edso legal del sitio web de la Caseta dels Prats.","robots":{"index":"index","follow":"follow","max-snippet":"max-snippet:-1","max-image-preview":"max-image-preview:large","max-video-preview":"max-video-preview:-1"},"canonical":"https:\/\/lacasetadelsprats.com\/es\/avis-legal\/","og_locale":"es_ES","og_type":"article","og_title":"\u00a0Aviso legal | La Caseta dels Prats","og_description":"P\u00e1gina de av\u00edso legal del sitio web de la Caseta dels Prats.","og_url":"https:\/\/lacasetadelsprats.com\/es\/avis-legal\/","og_site_name":"La Caseta dels Prats","article_modified_time":"2025-07-31T07:46:15+00:00","og_image":[{"width":400,"height":61,"url":"https:\/\/lacasetadelsprats.com\/wp-content\/uploads\/2024\/11\/logo.png","type":"image\/png"}],"twitter_card":"summary_large_image","twitter_misc":{"Tiempo de lectura":"1 minuto"},"schema":{"@context":"https:\/\/schema.org","@graph":[{"@type":"WebPage","@id":"https:\/\/lacasetadelsprats.com\/es\/avis-legal\/","url":"https:\/\/lacasetadelsprats.com\/es\/avis-legal\/","name":"\u00a0Aviso legal | La Caseta dels Prats","isPartOf":{"@id":"https:\/\/lacasetadelsprats.com\/es\/#website"},"datePublished":"2024-12-12T09:59:46+00:00","dateModified":"2025-07-31T07:46:15+00:00","description":"P\u00e1gina de av\u00edso legal del sitio web de la Caseta dels Prats.","breadcrumb":{"@id":"https:\/\/lacasetadelsprats.com\/es\/avis-legal\/#breadcrumb"},"inLanguage":"es","potentialAction":[{"@type":"ReadAction","target":["https:\/\/lacasetadelsprats.com\/es\/avis-legal\/"]}]},{"@type":"BreadcrumbList","@id":"https:\/\/lacasetadelsprats.com\/es\/avis-legal\/#breadcrumb","itemListElement":[{"@type":"ListItem","position":1,"name":"Inici","item":"https:\/\/lacasetadelsprats.com\/es\/"},{"@type":"ListItem","position":2,"name":"\u00a0Aviso legal"}]},{"@type":"WebSite","@id":"https:\/\/lacasetadelsprats.com\/es\/#website","url":"https:\/\/lacasetadelsprats.com\/es\/","name":"La Caseta dels Prats","description":"Casa rural a Capolat, Bergued\u00e0","publisher":{"@id":"https:\/\/lacasetadelsprats.com\/es\/#organization"},"alternateName":"La Caseta dels Prats","potentialAction":[{"@type":"SearchAction","target":{"@type":"EntryPoint","urlTemplate":"https:\/\/lacasetadelsprats.com\/es\/?s={search_term_string}"},"query-input":{"@type":"PropertyValueSpecification","valueRequired":true,"valueName":"search_term_string"}}],"inLanguage":"es"},{"@type":"Organization","@id":"https:\/\/lacasetadelsprats.com\/es\/#organization","name":"La Caseta dels Prats","alternateName":"La Caseta dels Prats","url":"https:\/\/lacasetadelsprats.com\/es\/","logo":{"@type":"ImageObject","inLanguage":"es","@id":"https:\/\/lacasetadelsprats.com\/es\/#\/schema\/logo\/image\/","url":"https:\/\/lacasetadelsprats.com\/wp-content\/uploads\/2024\/11\/logo.png","contentUrl":"https:\/\/lacasetadelsprats.com\/wp-content\/uploads\/2024\/11\/logo.png","width":400,"height":61,"caption":"La Caseta dels Prats"},"image":{"@id":"https:\/\/lacasetadelsprats.com\/es\/#\/schema\/logo\/image\/"}}]}},"_links":{"self":[{"href":"https:\/\/lacasetadelsprats.com\/es\/wp-json\/wp\/v2\/pages\/11903","targetHints":{"allow":["GET"]}}],"collection":[{"href":"https:\/\/lacasetadelsprats.com\/es\/wp-json\/wp\/v2\/pages"}],"about":[{"href":"https:\/\/lacasetadelsprats.com\/es\/wp-json\/wp\/v2\/types\/page"}],"author":[{"embeddable":true,"href":"https:\/\/lacasetadelsprats.com\/es\/wp-json\/wp\/v2\/users\/1"}],"replies":[{"embeddable":true,"href":"https:\/\/lacasetadelsprats.com\/es\/wp-json\/wp\/v2\/comments?post=11903"}],"version-history":[{"count":8,"href":"https:\/\/lacasetadelsprats.com\/es\/wp-json\/wp\/v2\/pages\/11903\/revisions"}],"predecessor-version":[{"id":12741,"href":"https:\/\/lacasetadelsprats.com\/es\/wp-json\/wp\/v2\/pages\/11903\/revisions\/12741"}],"wp:attachment":[{"href":"https:\/\/lacasetadelsprats.com\/es\/wp-json\/wp\/v2\/media?parent=11903"}],"curies":[{"name":"wp","href":"https:\/\/api.w.org\/{rel}","templated":true}]}}